{"id":12,"date":"2016-06-27T20:01:14","date_gmt":"2016-06-27T18:01:14","guid":{"rendered":"https:\/\/gyamtsholing.wordpress.com\/?page_id=12"},"modified":"2025-03-20T16:02:09","modified_gmt":"2025-03-20T15:02:09","slug":"alcune-immagini-di-chogyal-namkhai-norbu-4","status":"publish","type":"page","link":"https:\/\/www.gyamtsholing-venezia.org\/wordpress\/index.php\/alcune-immagini-di-chogyal-namkhai-norbu-4\/","title":{"rendered":"Ch\u00f6gyal Namkhai Norbu"},"content":{"rendered":"<p style=\"text-align: center;\"><img data-recalc-dims=\"1\" loading=\"lazy\" decoding=\"async\" class=\"alignnone wp-image-107\" src=\"https:\/\/i0.wp.com\/www.gyamtsholing-venezia.org\/wordpress\/wp-content\/uploads\/2016\/07\/maestro-bello1.jpg?resize=600%2C400\" alt=\"Maestro bello\" width=\"600\" height=\"400\" srcset=\"https:\/\/i0.wp.com\/www.gyamtsholing-venezia.org\/wordpress\/wp-content\/uploads\/2016\/07\/maestro-bello1.jpg?w=1000&amp;ssl=1 1000w, https:\/\/i0.wp.com\/www.gyamtsholing-venezia.org\/wordpress\/wp-content\/uploads\/2016\/07\/maestro-bello1.jpg?resize=300%2C200&amp;ssl=1 300w, https:\/\/i0.wp.com\/www.gyamtsholing-venezia.org\/wordpress\/wp-content\/uploads\/2016\/07\/maestro-bello1.jpg?resize=768%2C512&amp;ssl=1 768w\" sizes=\"auto, (max-width: 600px) 100vw, 600px\" \/><\/p>\n<p>Namkhai Norbu Rinpoche, eminente studioso della cultura del Tibet e maestro di vita, \u00e8 una figura unica nel panorama spirituale contemporaneo. Nel corso degli anni la sua fama si \u00e8 diffusa nel mondo sia per lo straordinario valore delle sue ricerche sulla cultura tibetana che per il suo essere maestro di Dzogchen Atiyoga, un insegnamento antico, autentico patrimonio dell\u2019umanit\u00e0, di cui \u00e8 uno dei massimi rappresentanti viventi.<\/p>\n<p>Per oltre cinquant\u2019anni il maestro Namkhai Norbu ha dedicato la sua vita a far conoscere l\u2019insegnamento Dzogchen Atiyoga \u2500 parola tibetana che vuol dire \u201ctotale perfezione\u201d \u2500 alle decine di migliaia di persone che in tutto il mondo lo richiedono.<\/p>\n<p>Lo Dzogchen consiste in un insieme di conoscenze che mirano all\u2019evoluzione interiore dell\u2019individuo. Entrare nella dimensione di questo insegnamento porta le persone ad aprire la propria mente e ad accogliere in s\u00e9 una visione pi\u00f9 ampia e positiva della vita. \u201cTotale perfezione\u201d \u00e8 la condizione naturale di ogni uomo e donna che, se riconosciuta, conduce naturalmente alla compassione e alla non violenza. Praticando questa via diventa pi\u00f9 facile essere spontaneamente rispettosi degli altri, pi\u00fa generosi e felici.<\/p>\n<p>Avendo compreso l\u2019importanza che questo insegnamento pu\u00f2 avere per le popolazioni occidentali, alla ricerca di strumenti per vivere una vita pi\u00f9 pacifica e rilassata, il maestro Namkhai Norbu si \u00e8 prodigato per trasmettere questo sapere, offrendo con profonda competenza e umanit\u00e0 le sue conoscenze alle persone interessate.<\/p>\n<p style=\"text-align: center;\"><img data-recalc-dims=\"1\" loading=\"lazy\" decoding=\"async\" class=\"alignnone size-medium wp-image-166\" src=\"https:\/\/i0.wp.com\/www.gyamtsholing-venezia.org\/wordpress\/wp-content\/uploads\/2016\/07\/n1128014524_107787_88921.jpg?resize=292%2C300\" alt=\"n1128014524_107787_8892[1]\" width=\"292\" height=\"300\" srcset=\"https:\/\/i0.wp.com\/www.gyamtsholing-venezia.org\/wordpress\/wp-content\/uploads\/2016\/07\/n1128014524_107787_88921.jpg?w=300&amp;ssl=1 300w, https:\/\/i0.wp.com\/www.gyamtsholing-venezia.org\/wordpress\/wp-content\/uploads\/2016\/07\/n1128014524_107787_88921.jpg?resize=292%2C300&amp;ssl=1 292w\" sizes=\"auto, (max-width: 292px) 100vw, 292px\" \/><\/p>\n<p>Egli ha sviluppato un metodo di insegnamento rigoroso ma profondamente innovativo, mirato a trasmettere la conoscenza essenziale dello Dzogchen in forme efficaci e utili per chi vive nel mondo moderno. Non \u00e8 esagerato affermare che ha maturato un sistema di conoscenza filosofica, etica e psicologica che costituisce un patrimonio di inestimabile valore per l\u2019umanit\u00e0 e che, nel corso degli ultimi anni, \u00e8 culminato in un corpus di insegnamenti frutto della sua visione di maestro di saggezza, oggi pubblicati in nove volumi con il titolo di \u201cIl Ciclo del Longsal\u201d. La loro funzione \u00e8 di contribuire alla crescita spirituale e personale dell\u2019individuo, ma anche di aiutare concretamente le persone ad affrontare le particolari contingenze del nostro mondo e i cambiamenti che la nostra societ\u00e0 sta attraversando.<\/p>\n<p>Il maestro Namkhai Norbu ha condiviso il proprio sapere anche per quanto riguarda gli studi e le ricerche sulla lingua, cultura e civilt\u00e0 del Tibet, proseguiti anche dopo il concludersi dell\u2019attivit\u00e0 accademica come professore di lingua e letteratura tibetana presso l\u2019Istituto Universitario Orientale (IUO) di Napoli. Attraverso un lungo e paziente lavoro di ricerca, egli ha approfondito la storia delle origini della civilt\u00e0 tibetana precedenti alla diffusione del buddhismo in Tibet e ha proposto una lettura innovativa rispetto alla storiografia ufficiale del suo paese riconoscendo il valore \u2500 per lungo tempo rimasto pressoch\u00e9 sconosciuto \u2500 delle religioni pre-buddhiste. I risultati della sua ricerca hanno esercitato interesse in ambito accademico nazionale e internazionale.<\/p>\n<p>Tra gli elementi del patrimonio culturale tibetano che ha cercato di valorizzare, il maestro Namkhai Norbu coltivava un interesse particolare per la salvaguardia dei canti e delle danze popolari, sia tradizionali che moderne, che ha studiato, selezionato, raccolto e coreografato insieme ai suoi studenti, consapevole che ci\u00f2 pu\u00f2 contribuire a tener vivo nel suo popolo l\u2019amore per la cultura e la consapevolezza della propria identit\u00e0. Tali canti e danze trasmettono messaggi universali di gioia, rispetto, tolleranza e pace.<\/p>\n<p style=\"text-align: center;\"><img data-recalc-dims=\"1\" loading=\"lazy\" decoding=\"async\" class=\"alignnone size-medium wp-image-647\" src=\"https:\/\/i0.wp.com\/www.gyamtsholing-venezia.org\/wordpress\/wp-content\/uploads\/2016\/06\/chogyal_namkhai_norbu-300x200.jpg?resize=300%2C200\" alt=\"\" width=\"300\" height=\"200\" srcset=\"https:\/\/i0.wp.com\/www.gyamtsholing-venezia.org\/wordpress\/wp-content\/uploads\/2016\/06\/chogyal_namkhai_norbu.jpg?resize=300%2C200&amp;ssl=1 300w, https:\/\/i0.wp.com\/www.gyamtsholing-venezia.org\/wordpress\/wp-content\/uploads\/2016\/06\/chogyal_namkhai_norbu.jpg?resize=135%2C90&amp;ssl=1 135w, https:\/\/i0.wp.com\/www.gyamtsholing-venezia.org\/wordpress\/wp-content\/uploads\/2016\/06\/chogyal_namkhai_norbu.jpg?w=540&amp;ssl=1 540w\" sizes=\"auto, (max-width: 300px) 100vw, 300px\" \/><\/p>\n<p>Ch\u00f6gyal Namkhai Norbu \u00e8 presidente di:<\/p>\n<p>1981 ACICD (Associazione Culturale Internazionale Comunit\u00e1 Dzogchen)<\/p>\n<p>1988 ASIA (Associazione Internazionale per la Solidariet\u00e0 in Asia &#8211; Roma, Italia)<\/p>\n<p>1990 SSF (Fondazione Internazionale per la Cultura Tibetana Shang Shung &#8211; Italia, Austria, Stati Uniti, Russia, Australia)<\/p>\n<p>2015 CDI (Comunit\u00e0 Dzogchen Internazionale)<\/p>\n<p>Ha lasciato questa vita il 27 settembre 2018<\/p>\n<p>\u00a0<\/p>\n<p><strong>Bibliografia essenziale:<\/strong><\/p>\n<p><em>Dzogchen. Lo stato di autoperfezione<\/em>, Ubaldini Editore, Roma, 1986.<\/p>\n<p><em>Dzogchen. The self-perfected state<\/em>, Snow Lion Publications, Ithaca, New York, 1989.<\/p>\n<p><em>The Crystal and the Way of Light: Sutra, Tantra and Dzogchen<\/em>, Penguin Books, 1993.<\/p>\n<p><em>The Mirror &#8211; Advice on Presence and Awareness<\/em>, Shang Shung Editions, Arcidosso, 1983.<\/p>\n<p><em>Yantra Yoga: the Tibetan Yoga of Movement<\/em>, Snow Lion Publications, 2008.<\/p>\n<p>Per approfondire: <a href=\"https:\/\/www.atiyogafoundation.org\/it\/maestri\/choegyal-namkhai-norbu\" target=\"_blank\" rel=\"noopener\">https:\/\/www.atiyogafoundation.org\/it\/maestri\/choegyal-namkhai-norbu<\/a><\/p>\n<form action=\"https:\/\/www.paypal.com\/donate\" method=\"post\" target=\"_top\"><input name=\"hosted_button_id\" type=\"hidden\" value=\"VU29P4JJEDGVY\" \/>\n<p><img data-recalc-dims=\"1\" loading=\"lazy\" decoding=\"async\" src=\"https:\/\/i0.wp.com\/www.paypal.com\/it_IT\/i\/scr\/pixel.gif?resize=1%2C1&#038;ssl=1\" alt=\"\" width=\"1\" height=\"1\" border=\"0\" \/><\/p>\n<\/form>\n\n\n<p><\/p>\n","protected":false},"excerpt":{"rendered":"<p>Namkhai Norbu Rinpoche, eminente studioso della cultura del Tibet e maestro di vita, \u00e8 una figura unica nel panorama spirituale contemporaneo. Nel corso degli anni la sua fama si \u00e8 diffusa nel mondo sia per lo straordinario valore delle sue ricerche sulla cultura tibetana che per il suo essere maestro di Dzogchen Atiyoga, un insegnamento antico, autentico patrimonio dell\u2019umanit\u00e0, di cui \u00e8 uno dei massimi &hellip; <a href=\"https:\/\/www.gyamtsholing-venezia.org\/wordpress\/index.php\/alcune-immagini-di-chogyal-namkhai-norbu-4\/\" class=\"more-link\">Continua a leggere <span class=\"screen-reader-text\">Ch\u00f6gyal Namkhai Norbu<\/span><\/a><\/p>\n","protected":false},"author":1,"featured_media":0,"parent":0,"menu_order":0,"comment_status":"closed","ping_status":"closed","template":"","meta":{"footnotes":""},"tags":[21,55,50,56,52,53,54,49,51,15],"class_list":["post-12","page","type-page","status-publish","hentry","tag-chogyal-namkhai-norbu","tag-comunita-dzogchen","tag-derge","tag-gar","tag-giuseppe-tucci","tag-istituto-per-il-medio-ed-estremo-oriente-ismeo","tag-istituto-universitario-orientale-a-napoli","tag-maestri-viventi","tag-tibet","tag-yantra-yoga"],"jetpack_sharing_enabled":true,"jetpack_shortlink":"https:\/\/wp.me\/P7K3bT-c","_links":{"self":[{"href":"https:\/\/www.gyamtsholing-venezia.org\/wordpress\/index.php\/wp-json\/wp\/v2\/pages\/12","targetHints":{"allow":["GET"]}}],"collection":[{"href":"https:\/\/www.gyamtsholing-venezia.org\/wordpress\/index.php\/wp-json\/wp\/v2\/pages"}],"about":[{"href":"https:\/\/www.gyamtsholing-venezia.org\/wordpress\/index.php\/wp-json\/wp\/v2\/types\/page"}],"author":[{"embeddable":true,"href":"https:\/\/www.gyamtsholing-venezia.org\/wordpress\/index.php\/wp-json\/wp\/v2\/users\/1"}],"replies":[{"embeddable":true,"href":"https:\/\/www.gyamtsholing-venezia.org\/wordpress\/index.php\/wp-json\/wp\/v2\/comments?post=12"}],"version-history":[{"count":14,"href":"https:\/\/www.gyamtsholing-venezia.org\/wordpress\/index.php\/wp-json\/wp\/v2\/pages\/12\/revisions"}],"predecessor-version":[{"id":1808,"href":"https:\/\/www.gyamtsholing-venezia.org\/wordpress\/index.php\/wp-json\/wp\/v2\/pages\/12\/revisions\/1808"}],"wp:attachment":[{"href":"https:\/\/www.gyamtsholing-venezia.org\/wordpress\/index.php\/wp-json\/wp\/v2\/media?parent=12"}],"wp:term":[{"taxonomy":"post_tag","embeddable":true,"href":"https:\/\/www.gyamtsholing-venezia.org\/wordpress\/index.php\/wp-json\/wp\/v2\/tags?post=12"}],"curies":[{"name":"wp","href":"https:\/\/api.w.org\/{rel}","templated":true}]}}