{"id":304,"date":"2016-07-22T11:05:48","date_gmt":"2016-07-22T09:05:48","guid":{"rendered":"http:\/\/www.gyamtsholing-venezia.org\/wordpress\/?page_id=304"},"modified":"2025-03-26T10:21:25","modified_gmt":"2025-03-26T09:21:25","slug":"marco-baseggio","status":"publish","type":"page","link":"https:\/\/www.gyamtsholing-venezia.org\/wordpress\/index.php\/alcune-immagini-di-chogyal-namkhai-norbu-2\/marco-baseggio\/","title":{"rendered":"Marco Baseggio"},"content":{"rendered":"<p style=\"text-align: center;\"><img data-recalc-dims=\"1\" loading=\"lazy\" decoding=\"async\" class=\"alignnone size-medium wp-image-305\" src=\"https:\/\/i0.wp.com\/www.gyamtsholing-venezia.org\/wordpress\/wp-content\/uploads\/2016\/07\/Marco-300x300.jpg?resize=300%2C300\" alt=\"Marco\" width=\"300\" height=\"300\" srcset=\"https:\/\/i0.wp.com\/www.gyamtsholing-venezia.org\/wordpress\/wp-content\/uploads\/2016\/07\/Marco.jpg?resize=300%2C300&amp;ssl=1 300w, https:\/\/i0.wp.com\/www.gyamtsholing-venezia.org\/wordpress\/wp-content\/uploads\/2016\/07\/Marco.jpg?resize=150%2C150&amp;ssl=1 150w, https:\/\/i0.wp.com\/www.gyamtsholing-venezia.org\/wordpress\/wp-content\/uploads\/2016\/07\/Marco.jpg?resize=90%2C90&amp;ssl=1 90w, https:\/\/i0.wp.com\/www.gyamtsholing-venezia.org\/wordpress\/wp-content\/uploads\/2016\/07\/Marco.jpg?w=400&amp;ssl=1 400w\" sizes=\"auto, (max-width: 300px) 100vw, 300px\" \/><\/p>\n<p>Ha iniziato a praticare Hatha Yoga nel 1996.<br \/>\nHa incontrato il Maestro Ch\u00f6gyal Namkhai Norbu a Kathmandu nel settembre 1997.<br \/>\nDa allora ne segue ininterrottamente gli insegnamenti.<br \/>\nHa iniziato a praticare lo Yantra Yoga nel luglio 1997.<br \/>\nNell&#8217;ottobre 1998 \u00e8 diventato avvocato.<br \/>\nNel luglio 1999 ha conseguito l&#8217;idoneit\u00e0 a insegnare Hatha Yoga dalla scuola &#8220;Il Melograno&#8221; di Bologna.<br \/>\nLa sua pratica principale negli anni \u00e8 diventata lo Yantra Yoga, fino a che ha ottenuto ufficialmente il diploma di istruttore di primo livello di Yantra Yoga dal Maestro Ch\u00f6gyal Namkhai Norbu nel luglio del 2010.<br \/>\nNel gennaio del 2014 ha conseguito il diploma di secondo livello e l&#8217;autorizzazione ad insegnare il Kumar Kumari, lo yantra yoga per bambini e bambine.<br \/>\nNel gennaio 2016 ha ottenuto da Fabio Andrico l&#8217;autorizzazione a insegnare &#8220;Breathe&#8221;.<br \/>\nTiene corsi settimanali di Yantra Yoga per principianti, intermedi e avanzati da ottobre a maggio presso Gyamthsoling, l&#8217;associazione culturale Dzogchen di Venezia e presso palestre a Venezia.<\/p>\n<p>Attualemnte \u00e8 vice Presidente di International Atiyoga Foundation,\u00a0 fondazione culturale che ha come scopo di favorire l\u2019evoluzione degli individui grazie all\u2019eredit\u00e0 e al patrimonio culturale di Ch\u00f6gyal Namkhai Norbu<\/p>\n","protected":false},"excerpt":{"rendered":"<p>Ha iniziato a praticare Hatha Yoga nel 1996. Ha incontrato il Maestro Ch\u00f6gyal Namkhai Norbu a Kathmandu nel settembre 1997. Da allora ne segue ininterrottamente gli insegnamenti. Ha iniziato a praticare lo Yantra Yoga nel luglio 1997. Nell&#8217;ottobre 1998 \u00e8 diventato avvocato. Nel luglio 1999 ha conseguito l&#8217;idoneit\u00e0 a insegnare Hatha Yoga dalla scuola &#8220;Il Melograno&#8221; di Bologna. La sua pratica principale negli anni \u00e8 &hellip; <a href=\"https:\/\/www.gyamtsholing-venezia.org\/wordpress\/index.php\/alcune-immagini-di-chogyal-namkhai-norbu-2\/marco-baseggio\/\" class=\"more-link\">Continua a leggere <span class=\"screen-reader-text\">Marco Baseggio<\/span><\/a><\/p>\n","protected":false},"author":1,"featured_media":0,"parent":9,"menu_order":0,"comment_status":"closed","ping_status":"closed","template":"","meta":{"footnotes":""},"tags":[],"class_list":["post-304","page","type-page","status-publish","hentry"],"jetpack_sharing_enabled":true,"jetpack_shortlink":"https:\/\/wp.me\/P7K3bT-4U","_links":{"self":[{"href":"https:\/\/www.gyamtsholing-venezia.org\/wordpress\/index.php\/wp-json\/wp\/v2\/pages\/304","targetHints":{"allow":["GET"]}}],"collection":[{"href":"https:\/\/www.gyamtsholing-venezia.org\/wordpress\/index.php\/wp-json\/wp\/v2\/pages"}],"about":[{"href":"https:\/\/www.gyamtsholing-venezia.org\/wordpress\/index.php\/wp-json\/wp\/v2\/types\/page"}],"author":[{"embeddable":true,"href":"https:\/\/www.gyamtsholing-venezia.org\/wordpress\/index.php\/wp-json\/wp\/v2\/users\/1"}],"replies":[{"embeddable":true,"href":"https:\/\/www.gyamtsholing-venezia.org\/wordpress\/index.php\/wp-json\/wp\/v2\/comments?post=304"}],"version-history":[{"count":9,"href":"https:\/\/www.gyamtsholing-venezia.org\/wordpress\/index.php\/wp-json\/wp\/v2\/pages\/304\/revisions"}],"predecessor-version":[{"id":1844,"href":"https:\/\/www.gyamtsholing-venezia.org\/wordpress\/index.php\/wp-json\/wp\/v2\/pages\/304\/revisions\/1844"}],"up":[{"embeddable":true,"href":"https:\/\/www.gyamtsholing-venezia.org\/wordpress\/index.php\/wp-json\/wp\/v2\/pages\/9"}],"wp:attachment":[{"href":"https:\/\/www.gyamtsholing-venezia.org\/wordpress\/index.php\/wp-json\/wp\/v2\/media?parent=304"}],"wp:term":[{"taxonomy":"post_tag","embeddable":true,"href":"https:\/\/www.gyamtsholing-venezia.org\/wordpress\/index.php\/wp-json\/wp\/v2\/tags?post=304"}],"curies":[{"name":"wp","href":"https:\/\/api.w.org\/{rel}","templated":true}]}}