{"id":6,"date":"2016-06-27T19:51:54","date_gmt":"2016-06-27T17:51:54","guid":{"rendered":"https:\/\/gyamtsholing.wordpress.com\/?page_id=4"},"modified":"2025-10-18T11:57:47","modified_gmt":"2025-10-18T09:57:47","slug":"alcune-immagini-di-chogyal-namkhai-norbu-3","status":"publish","type":"page","link":"https:\/\/www.gyamtsholing-venezia.org\/wordpress\/","title":{"rendered":"Home"},"content":{"rendered":"<p>La<strong> Comunit\u00e0 Dzogchen Internazionale di Gyamtsholing <\/strong>(Luogo dell&#8217;Oceano)\u00a0\u00e8 l&#8217;associazione culturale di Venezia\u00a0che fa parte della\u00a0<strong><a href=\"https:\/\/www.dzogchen.net\/\" target=\"_blank\" rel=\"noopener\">Comunit\u00e0 Dzogchen Internazionale<\/a>,<\/strong>\u00a0una organizzazione laica ispirata a\u00a0<a href=\"http:\/\/www.gyamtsholing-venezia.org\/wordpress\/index.php\/chogyal-namkhai-norbu\/\"><strong>Ch\u00f6gyal Namkhai Norbu<\/strong><\/a>, composta da coloro che in tutto il mondo seguono il suo insegnamento.<\/p>\n<p><img data-recalc-dims=\"1\" loading=\"lazy\" decoding=\"async\" class=\"wp-image-37 alignright\" src=\"https:\/\/i0.wp.com\/www.gyamtsholing-venezia.org\/wordpress\/wp-content\/uploads\/2016\/06\/maestro-chiaroscuro.jpg?resize=256%2C352\" alt=\"Maestro chiaroscuro\" width=\"256\" height=\"352\" srcset=\"https:\/\/i0.wp.com\/www.gyamtsholing-venezia.org\/wordpress\/wp-content\/uploads\/2016\/06\/maestro-chiaroscuro.jpg?w=843&amp;ssl=1 843w, https:\/\/i0.wp.com\/www.gyamtsholing-venezia.org\/wordpress\/wp-content\/uploads\/2016\/06\/maestro-chiaroscuro.jpg?resize=218%2C300&amp;ssl=1 218w, https:\/\/i0.wp.com\/www.gyamtsholing-venezia.org\/wordpress\/wp-content\/uploads\/2016\/06\/maestro-chiaroscuro.jpg?resize=768%2C1059&amp;ssl=1 768w, https:\/\/i0.wp.com\/www.gyamtsholing-venezia.org\/wordpress\/wp-content\/uploads\/2016\/06\/maestro-chiaroscuro.jpg?resize=743%2C1024&amp;ssl=1 743w\" sizes=\"auto, (max-width: 256px) 100vw, 256px\" \/><\/p>\n<p>L&#8217;Insegnamento Dzogchen trasmesso da\u00a0<strong>Ch\u00f6gyal Namkhai Norbu<\/strong>\u00a0\u00e8 un insieme di conoscenze e metodi che permette l&#8217;evoluzione\u00a0naturale dell&#8217;individuo, favorendo l&#8217;apertura mentale e una visione ampia e positiva della vita. Le origini di questo insegnamento, che viene considerato il veicolo pi\u00f9 elevato del Buddhismo tibetano, si perdono nella notte dei tempi, ed \u00e8 stato conservato e trasmesso per lignaggio diretto fino a noi.<\/p>\n<p>Queste antichissime conoscenze ci aiutano a scoprire la nostra vera condizione e a riconoscere i condizionamenti che limitano la nostra esistenza, permettendoci di allentare le tensioni inutili e dannose e cos\u00ec vivere meglio, pi\u00f9 liberi e rilassati.<\/p>\n<p>La Comunit\u00e0 Dzogchen Internazionale \u00e8 strutturata in grandi centri continentali, chiamati Gar, e centri locali chiamati Ling; il nostro gar di riferimento \u00e8 <a href=\"http:\/\/www.dzogchen.it\/it\/\" target=\"_blank\" rel=\"noopener\">Merigar<\/a>, il Gar europeo, situato in Arcidosso (GR).<\/p>\n<p>Gyamtsholing organizza dei corsi aperti a tutte le persone interessate e ai propri soci, con istruttori autorizzati dal Maestro Ch\u00f6gyal Namkhai Norbu<\/p>\n<p>Le attivit\u00e0 riguardano lo <a href=\"http:\/\/www.gyamtsholing-venezia.org\/wordpress\/index.php\/attivita\/yantra-yoga\/\">Yantra Yoga <\/a>(lo Yoga Tibetano del Movimento), la <a href=\"http:\/\/www.gyamtsholing-venezia.org\/wordpress\/index.php\/attivita\/meditazione\/\">meditazione<\/a>, la <a href=\"http:\/\/www.gyamtsholing-venezia.org\/wordpress\/index.php\/attivita\/danza-del-vajra\/\">Danza del Vajra<\/a>, che \u00e8 una forma di meditazione in movimento, \u00a0e le <a href=\"http:\/\/www.gyamtsholing-venezia.org\/wordpress\/index.php\/attivita\/gioiose-danze-khaita\/\">Gioiose Danze\u00a0 Khaita.<\/a><\/p>\n<form action=\"https:\/\/www.paypal.com\/donate\" method=\"post\" target=\"_top\"><input name=\"hosted_button_id\" type=\"hidden\" value=\"VU29P4JJEDGVY\" \/><\/p>\n<h2 style=\"text-align: center;\"><strong>EVENTI<img data-recalc-dims=\"1\" loading=\"lazy\" decoding=\"async\" class=\"aligncenter\" src=\"https:\/\/i0.wp.com\/www.paypal.com\/it_IT\/i\/scr\/pixel.gif?resize=1%2C1&#038;ssl=1\" alt=\"\" width=\"1\" height=\"1\" border=\"0\" \/><\/strong><\/h2>\n<\/form>\n\n\n<figure class=\"wp-block-image size-large\"><a href=\"https:\/\/www.gyamtsholing-venezia.org\/wordpress\/index.php\/2025\/10\/18\/quattro-preziosi-gioielli\/\"><img data-recalc-dims=\"1\" loading=\"lazy\" decoding=\"async\" width=\"720\" height=\"720\" src=\"https:\/\/i0.wp.com\/www.gyamtsholing-venezia.org\/wordpress\/wp-content\/uploads\/2025\/10\/WhatsApp-Image-2025-10-17-at-11.24.41.jpeg?resize=720%2C720&#038;ssl=1\" alt=\"\" class=\"wp-image-1926\" srcset=\"https:\/\/i0.wp.com\/www.gyamtsholing-venezia.org\/wordpress\/wp-content\/uploads\/2025\/10\/WhatsApp-Image-2025-10-17-at-11.24.41.jpeg?resize=1024%2C1024&amp;ssl=1 1024w, https:\/\/i0.wp.com\/www.gyamtsholing-venezia.org\/wordpress\/wp-content\/uploads\/2025\/10\/WhatsApp-Image-2025-10-17-at-11.24.41.jpeg?resize=300%2C300&amp;ssl=1 300w, https:\/\/i0.wp.com\/www.gyamtsholing-venezia.org\/wordpress\/wp-content\/uploads\/2025\/10\/WhatsApp-Image-2025-10-17-at-11.24.41.jpeg?resize=150%2C150&amp;ssl=1 150w, https:\/\/i0.wp.com\/www.gyamtsholing-venezia.org\/wordpress\/wp-content\/uploads\/2025\/10\/WhatsApp-Image-2025-10-17-at-11.24.41.jpeg?resize=768%2C768&amp;ssl=1 768w, https:\/\/i0.wp.com\/www.gyamtsholing-venezia.org\/wordpress\/wp-content\/uploads\/2025\/10\/WhatsApp-Image-2025-10-17-at-11.24.41.jpeg?resize=90%2C90&amp;ssl=1 90w, https:\/\/i0.wp.com\/www.gyamtsholing-venezia.org\/wordpress\/wp-content\/uploads\/2025\/10\/WhatsApp-Image-2025-10-17-at-11.24.41.jpeg?resize=50%2C50&amp;ssl=1 50w, https:\/\/i0.wp.com\/www.gyamtsholing-venezia.org\/wordpress\/wp-content\/uploads\/2025\/10\/WhatsApp-Image-2025-10-17-at-11.24.41.jpeg?w=1080&amp;ssl=1 1080w\" sizes=\"auto, (max-width: 720px) 100vw, 720px\" \/><\/a><\/figure>\n\n\n\n<div class=\"wp-block-columns is-layout-flex wp-container-core-columns-is-layout-1 wp-block-columns-is-layout-flex\">\n<div class=\"wp-block-column is-layout-flow wp-block-column-is-layout-flow\">\n<figure class=\"wp-block-image size-large\"><a href=\"https:\/\/www.gyamtsholing-venezia.org\/wordpress\/index.php\/2025\/03\/26\/corsi-di-yantra-yoga\/\"><img data-recalc-dims=\"1\" loading=\"lazy\" decoding=\"async\" width=\"720\" height=\"720\" src=\"https:\/\/i0.wp.com\/www.gyamtsholing-venezia.org\/wordpress\/wp-content\/uploads\/2025\/03\/corsi-YY-1.jpg?resize=720%2C720&#038;ssl=1\" alt=\"\" class=\"wp-image-1846\" srcset=\"https:\/\/i0.wp.com\/www.gyamtsholing-venezia.org\/wordpress\/wp-content\/uploads\/2025\/03\/corsi-YY-1.jpg?resize=1024%2C1024&amp;ssl=1 1024w, https:\/\/i0.wp.com\/www.gyamtsholing-venezia.org\/wordpress\/wp-content\/uploads\/2025\/03\/corsi-YY-1.jpg?resize=300%2C300&amp;ssl=1 300w, https:\/\/i0.wp.com\/www.gyamtsholing-venezia.org\/wordpress\/wp-content\/uploads\/2025\/03\/corsi-YY-1.jpg?resize=150%2C150&amp;ssl=1 150w, https:\/\/i0.wp.com\/www.gyamtsholing-venezia.org\/wordpress\/wp-content\/uploads\/2025\/03\/corsi-YY-1.jpg?resize=768%2C768&amp;ssl=1 768w, https:\/\/i0.wp.com\/www.gyamtsholing-venezia.org\/wordpress\/wp-content\/uploads\/2025\/03\/corsi-YY-1.jpg?resize=90%2C90&amp;ssl=1 90w, https:\/\/i0.wp.com\/www.gyamtsholing-venezia.org\/wordpress\/wp-content\/uploads\/2025\/03\/corsi-YY-1.jpg?resize=50%2C50&amp;ssl=1 50w, https:\/\/i0.wp.com\/www.gyamtsholing-venezia.org\/wordpress\/wp-content\/uploads\/2025\/03\/corsi-YY-1.jpg?w=1080&amp;ssl=1 1080w\" sizes=\"auto, (max-width: 720px) 100vw, 720px\" \/><\/a><\/figure>\n<\/div>\n\n\n\n<div class=\"wp-block-column is-layout-flow wp-block-column-is-layout-flow\">\n<figure class=\"wp-block-image size-large\"><a href=\"https:\/\/www.gyamtsholing-venezia.org\/wordpress\/index.php\/2025\/06\/10\/corso-completo-per-imparare-o-ripassare-la-danza-del-canto-del-vajra\/\"><img data-recalc-dims=\"1\" loading=\"lazy\" decoding=\"async\" width=\"720\" height=\"720\" src=\"https:\/\/i0.wp.com\/www.gyamtsholing-venezia.org\/wordpress\/wp-content\/uploads\/2025\/06\/29-1.jpg?resize=720%2C720&#038;ssl=1\" alt=\"\" class=\"wp-image-1878\" srcset=\"https:\/\/i0.wp.com\/www.gyamtsholing-venezia.org\/wordpress\/wp-content\/uploads\/2025\/06\/29-1.jpg?resize=1024%2C1024&amp;ssl=1 1024w, https:\/\/i0.wp.com\/www.gyamtsholing-venezia.org\/wordpress\/wp-content\/uploads\/2025\/06\/29-1.jpg?resize=300%2C300&amp;ssl=1 300w, https:\/\/i0.wp.com\/www.gyamtsholing-venezia.org\/wordpress\/wp-content\/uploads\/2025\/06\/29-1.jpg?resize=150%2C150&amp;ssl=1 150w, https:\/\/i0.wp.com\/www.gyamtsholing-venezia.org\/wordpress\/wp-content\/uploads\/2025\/06\/29-1.jpg?resize=768%2C768&amp;ssl=1 768w, https:\/\/i0.wp.com\/www.gyamtsholing-venezia.org\/wordpress\/wp-content\/uploads\/2025\/06\/29-1.jpg?resize=90%2C90&amp;ssl=1 90w, https:\/\/i0.wp.com\/www.gyamtsholing-venezia.org\/wordpress\/wp-content\/uploads\/2025\/06\/29-1.jpg?resize=50%2C50&amp;ssl=1 50w, https:\/\/i0.wp.com\/www.gyamtsholing-venezia.org\/wordpress\/wp-content\/uploads\/2025\/06\/29-1.jpg?w=1080&amp;ssl=1 1080w\" sizes=\"auto, (max-width: 720px) 100vw, 720px\" \/><\/a><\/figure>\n<\/div>\n<\/div>\n\n\n\n<div class=\"wp-block-columns is-layout-flex wp-container-core-columns-is-layout-2 wp-block-columns-is-layout-flex\">\n<div class=\"wp-block-column is-layout-flow wp-block-column-is-layout-flow\"><\/div>\n<\/div>\n","protected":false},"excerpt":{"rendered":"<p>La Comunit\u00e0 Dzogchen Internazionale di Gyamtsholing (Luogo dell&#8217;Oceano)\u00a0\u00e8 l&#8217;associazione culturale di Venezia\u00a0che fa parte della\u00a0Comunit\u00e0 Dzogchen Internazionale,\u00a0una organizzazione laica ispirata a\u00a0Ch\u00f6gyal Namkhai Norbu, composta da coloro che in tutto il mondo seguono il suo insegnamento. L&#8217;Insegnamento Dzogchen trasmesso da\u00a0Ch\u00f6gyal Namkhai Norbu\u00a0\u00e8 un insieme di conoscenze e metodi che permette l&#8217;evoluzione\u00a0naturale dell&#8217;individuo, favorendo l&#8217;apertura mentale e una visione ampia e positiva della vita. Le origini di &hellip; <a href=\"https:\/\/www.gyamtsholing-venezia.org\/wordpress\/\" class=\"more-link\">Continua a leggere <span class=\"screen-reader-text\">Home<\/span><\/a><\/p>\n","protected":false},"author":1,"featured_media":0,"parent":0,"menu_order":0,"comment_status":"closed","ping_status":"closed","template":"","meta":{"footnotes":""},"tags":[66,60,64,21,61,14,16,63,56,58,62,18,65,68,17,69,59,67,15],"class_list":["post-6","page","type-page","status-publish","hentry","tag-antichissime-conoscenze","tag-associazione-culturale","tag-buddhismo-tibetano","tag-chogyal-namkhai-norbu","tag-comunita-dzogchen-internazionale","tag-corsi","tag-danza-del-vajra","tag-evoluzione-naturale-dellindividuo","tag-gar","tag-gyamtsholing","tag-insegnamento-dzogchen","tag-khaita","tag-lignaggio-diretto","tag-ling","tag-meditazione","tag-merigar","tag-venezia","tag-vivere-meglio","tag-yantra-yoga"],"jetpack_sharing_enabled":true,"jetpack_shortlink":"https:\/\/wp.me\/P7K3bT-6","_links":{"self":[{"href":"https:\/\/www.gyamtsholing-venezia.org\/wordpress\/index.php\/wp-json\/wp\/v2\/pages\/6","targetHints":{"allow":["GET"]}}],"collection":[{"href":"https:\/\/www.gyamtsholing-venezia.org\/wordpress\/index.php\/wp-json\/wp\/v2\/pages"}],"about":[{"href":"https:\/\/www.gyamtsholing-venezia.org\/wordpress\/index.php\/wp-json\/wp\/v2\/types\/page"}],"author":[{"embeddable":true,"href":"https:\/\/www.gyamtsholing-venezia.org\/wordpress\/index.php\/wp-json\/wp\/v2\/users\/1"}],"replies":[{"embeddable":true,"href":"https:\/\/www.gyamtsholing-venezia.org\/wordpress\/index.php\/wp-json\/wp\/v2\/comments?post=6"}],"version-history":[{"count":39,"href":"https:\/\/www.gyamtsholing-venezia.org\/wordpress\/index.php\/wp-json\/wp\/v2\/pages\/6\/revisions"}],"predecessor-version":[{"id":1930,"href":"https:\/\/www.gyamtsholing-venezia.org\/wordpress\/index.php\/wp-json\/wp\/v2\/pages\/6\/revisions\/1930"}],"wp:attachment":[{"href":"https:\/\/www.gyamtsholing-venezia.org\/wordpress\/index.php\/wp-json\/wp\/v2\/media?parent=6"}],"wp:term":[{"taxonomy":"post_tag","embeddable":true,"href":"https:\/\/www.gyamtsholing-venezia.org\/wordpress\/index.php\/wp-json\/wp\/v2\/tags?post=6"}],"curies":[{"name":"wp","href":"https:\/\/api.w.org\/{rel}","templated":true}]}}