{"id":89,"date":"2016-07-01T08:49:03","date_gmt":"2016-07-01T06:49:03","guid":{"rendered":"https:\/\/gyamtsholing.wordpress.com\/?page_id=89"},"modified":"2025-03-26T10:03:49","modified_gmt":"2025-03-26T09:03:49","slug":"alcune-immagini-di-chogyal-namkhai-norbu","status":"publish","type":"page","link":"https:\/\/www.gyamtsholing-venezia.org\/wordpress\/index.php\/alcune-immagini-di-chogyal-namkhai-norbu-2\/alcune-immagini-di-chogyal-namkhai-norbu\/","title":{"rendered":"Yantra Yoga"},"content":{"rendered":"<p style=\"text-align: center;\"><img data-recalc-dims=\"1\" loading=\"lazy\" decoding=\"async\" class=\"alignnone wp-image-109\" src=\"https:\/\/i0.wp.com\/www.gyamtsholing-venezia.org\/wordpress\/wp-content\/uploads\/2016\/07\/laura-and-fabio_cover4.jpg?resize=600%2C288\" alt=\"laura-and-fabio_cover4\" width=\"600\" height=\"288\" srcset=\"https:\/\/i0.wp.com\/www.gyamtsholing-venezia.org\/wordpress\/wp-content\/uploads\/2016\/07\/laura-and-fabio_cover4.jpg?w=935&amp;ssl=1 935w, https:\/\/i0.wp.com\/www.gyamtsholing-venezia.org\/wordpress\/wp-content\/uploads\/2016\/07\/laura-and-fabio_cover4.jpg?resize=300%2C144&amp;ssl=1 300w, https:\/\/i0.wp.com\/www.gyamtsholing-venezia.org\/wordpress\/wp-content\/uploads\/2016\/07\/laura-and-fabio_cover4.jpg?resize=768%2C370&amp;ssl=1 768w\" sizes=\"auto, (max-width: 600px) 100vw, 600px\" \/><\/p>\n<p>Lo Yantra Yoga (yoga tibetano del movimento) \u00e8 uno dei pi\u00f9 antichi sistemi di Yoga conosciuti nel mondo. Ci \u00e8 arrivato dal Tibet, una terra che conserva un vasto patrimonio di conoscenze buddhiste.<\/p>\n<p>Si basa su un antico testo (<em>Nyida Kajyor<\/em>, \u201cUnione del Sole e della Luna\u201d) scritto nel 8\u00b0secolo da Vajrocana, e la sua trasmissione \u00e8 stata tramandata da maestro a discepolo in un lignaggio ininterrotto fino ai giorni nostri. Attuale detentore del lignaggio \u00e8 <a href=\"https:\/\/www.gyamtsholing-venezia.org\/wordpress\/index.php\/alcune-immagini-di-chogyal-namkhai-norbu-4\/\">Ch\u00f6gyal Namkhai Norbu<\/a>, rinomato studioso di cultura tibetana e Maestro di Dzogchen.<\/p>\n<p>Molte posizioni dello Yantra Yoga sono simili a quelle dell\u2019Hatha Yoga, ma il modo di assumerle e applicarle \u00e8 molto diverso. Nello Yantra Yoga si utilizzano sequenze di sette fasi di movimenti in relazione a sette fasi di respirazione; in queste sequenze la posizione nella fase centrale crRICCARDO VRECHea delle specifiche ritenzioni del respiro che lavorano ad un livello profondo e sottile. Non \u00e8 quindi solo la posizione principale, ma questa ritenzione e l\u2019intera sequenza di movimenti che sono importanti.<\/p>\n<p>Il sistema dello Yantra Yoga comprende un vasto corpo di movimenti che tutti possono applicare. E\u2019 un metodo eccellente per raggiungere un ottima salute, rilassamento ed equilibrio attraverso la coordinazione del respiro e il movimento. Sincronizzare ogni movimento con il respiro consapevole ci porta ad uno stato perfettamente rilassato dove il respiro si trova in naturale armonia con la mente e il corpo.<\/p>\n<p>E\u2019 connesso alla profonda essenza degli insegnamenti Dzogchen, ma un praticante di Yantra Yoga non deve necessariamente seguire un cammino spirituale in particolare; tutti possono praticarlo senza limitazioni.<\/p>\n<p><img data-recalc-dims=\"1\" loading=\"lazy\" decoding=\"async\" class=\"wp-image-1678 aligncenter\" src=\"https:\/\/i0.wp.com\/www.gyamtsholing-venezia.org\/wordpress\/wp-content\/uploads\/2021\/09\/YANTRAYOGALOGOFINAL2021-e1742319249842-300x300.jpg?resize=239%2C239&#038;ssl=1\" alt=\"\" width=\"239\" height=\"239\" \/><\/p>\n<p style=\"text-align: center;\"><span style=\"color: #993300;\"><strong>ISTRUTTORI<\/strong><\/span><\/p>\n<ul>\n<li style=\"text-align: center;\"><a href=\"https:\/\/www.gyamtsholing-venezia.org\/wordpress\/index.php\/alcune-immagini-di-chogyal-namkhai-norbu-2\/marco-baseggio\/\">MARCO BASEGGIO<\/a> | <a href=\"https:\/\/www.gyamtsholing-venezia.org\/wordpress\/index.php\/chiara-carraro\/\">CHIARA CARRARO<\/a> | <a href=\"https:\/\/www.gyamtsholing-venezia.org\/wordpress\/index.php\/riccardo-vrech\/\">RICCARDO VRECH<\/a><\/li>\n<\/ul>\n<p style=\"text-align: center;\">\n","protected":false},"excerpt":{"rendered":"<p>Lo Yantra Yoga (yoga tibetano del movimento) \u00e8 uno dei pi\u00f9 antichi sistemi di Yoga conosciuti nel mondo. Ci \u00e8 arrivato dal Tibet, una terra che conserva un vasto patrimonio di conoscenze buddhiste. Si basa su un antico testo (Nyida Kajyor, \u201cUnione del Sole e della Luna\u201d) scritto nel 8\u00b0secolo da Vajrocana, e la sua trasmissione \u00e8 stata tramandata da maestro a discepolo in un &hellip; <a href=\"https:\/\/www.gyamtsholing-venezia.org\/wordpress\/index.php\/alcune-immagini-di-chogyal-namkhai-norbu-2\/alcune-immagini-di-chogyal-namkhai-norbu\/\" class=\"more-link\">Continua a leggere <span class=\"screen-reader-text\">Yantra Yoga<\/span><\/a><\/p>\n","protected":false},"author":2,"featured_media":0,"parent":9,"menu_order":0,"comment_status":"closed","ping_status":"closed","template":"","meta":{"footnotes":""},"tags":[21,48,47,44,43,46,45,42,15,41],"class_list":["post-89","page","type-page","status-publish","hentry","tag-chogyal-namkhai-norbu","tag-dzogchen","tag-equilibrio","tag-movimento","tag-respirazione","tag-rilassamento","tag-salute","tag-vajrocana","tag-yantra-yoga","tag-yoga-tibetano"],"jetpack_sharing_enabled":true,"jetpack_shortlink":"https:\/\/wp.me\/P7K3bT-1r","_links":{"self":[{"href":"https:\/\/www.gyamtsholing-venezia.org\/wordpress\/index.php\/wp-json\/wp\/v2\/pages\/89","targetHints":{"allow":["GET"]}}],"collection":[{"href":"https:\/\/www.gyamtsholing-venezia.org\/wordpress\/index.php\/wp-json\/wp\/v2\/pages"}],"about":[{"href":"https:\/\/www.gyamtsholing-venezia.org\/wordpress\/index.php\/wp-json\/wp\/v2\/types\/page"}],"author":[{"embeddable":true,"href":"https:\/\/www.gyamtsholing-venezia.org\/wordpress\/index.php\/wp-json\/wp\/v2\/users\/2"}],"replies":[{"embeddable":true,"href":"https:\/\/www.gyamtsholing-venezia.org\/wordpress\/index.php\/wp-json\/wp\/v2\/comments?post=89"}],"version-history":[{"count":5,"href":"https:\/\/www.gyamtsholing-venezia.org\/wordpress\/index.php\/wp-json\/wp\/v2\/pages\/89\/revisions"}],"predecessor-version":[{"id":1840,"href":"https:\/\/www.gyamtsholing-venezia.org\/wordpress\/index.php\/wp-json\/wp\/v2\/pages\/89\/revisions\/1840"}],"up":[{"embeddable":true,"href":"https:\/\/www.gyamtsholing-venezia.org\/wordpress\/index.php\/wp-json\/wp\/v2\/pages\/9"}],"wp:attachment":[{"href":"https:\/\/www.gyamtsholing-venezia.org\/wordpress\/index.php\/wp-json\/wp\/v2\/media?parent=89"}],"wp:term":[{"taxonomy":"post_tag","embeddable":true,"href":"https:\/\/www.gyamtsholing-venezia.org\/wordpress\/index.php\/wp-json\/wp\/v2\/tags?post=89"}],"curies":[{"name":"wp","href":"https:\/\/api.w.org\/{rel}","templated":true}]}}