{"id":9,"date":"2016-06-27T19:58:08","date_gmt":"2016-06-27T17:58:08","guid":{"rendered":"https:\/\/gyamtsholing.wordpress.com\/?page_id=9"},"modified":"2025-03-18T18:52:15","modified_gmt":"2025-03-18T17:52:15","slug":"alcune-immagini-di-chogyal-namkhai-norbu-2","status":"publish","type":"page","link":"https:\/\/www.gyamtsholing-venezia.org\/wordpress\/index.php\/alcune-immagini-di-chogyal-namkhai-norbu-2\/","title":{"rendered":"Attivit\u00e0"},"content":{"rendered":"<p>Gyamtsholing organizza dei corsi e degli incontri che consentono ai soci praticanti di applicare i metodi ricevuti dal Maestro, e offrono una prima esperienza a chi si accosta per la prima volta al nostro sentiero spirituale.<\/p>\n<p>&nbsp;<\/p>\n<p><img data-recalc-dims=\"1\" loading=\"lazy\" decoding=\"async\" class=\"alignleft wp-image-1678\" src=\"https:\/\/i0.wp.com\/www.gyamtsholing-venezia.org\/wordpress\/wp-content\/uploads\/2021\/09\/YANTRAYOGALOGOFINAL2021.jpg?resize=157%2C157&#038;ssl=1\" alt=\"\" width=\"157\" height=\"157\" \/><\/p>\n<p>&nbsp;<\/p>\n<p>In particolare organizziamo corsi di <a href=\"http:\/\/www.gyamtsholing-venezia.org\/wordpress\/index.php\/attivita\/yantra-yoga\/\">Yantra Yoga<\/a>, lo Yoga Tibetano del Movimento, con l\u2019istruttore di secondo livello <a href=\"http:\/\/www.gyamtsholing-venezia.org\/wordpress\/index.php\/attivita\/marco-baseggio\/\">Marco Baseggio<\/a>,\u00a0 e gli istruttori di primo livello <a href=\"http:\/\/www.gyamtsholing-venezia.org\/wordpress\/index.php\/chiara-carraro\/\">Chiara Carraro<\/a> e <a href=\"http:\/\/www.gyamtsholing-venezia.org\/wordpress\/index.php\/riccardo-vrech\/\">Riccardo Vrech<\/a>, approvati dal Maestro Ch\u00f6gyal Namkhai Norbu;<\/p>\n<p>&nbsp;<\/p>\n<p>&nbsp;<\/p>\n<p><img data-recalc-dims=\"1\" loading=\"lazy\" decoding=\"async\" class=\"alignleft wp-image-1604\" src=\"https:\/\/i0.wp.com\/www.gyamtsholing-venezia.org\/wordpress\/wp-content\/uploads\/2016\/06\/logo-de-la-danza-del-vajra-piccolo-1.jpg?resize=158%2C157&#038;ssl=1\" alt=\"\" width=\"158\" height=\"157\" \/><\/p>\n<p>corsi di <a href=\"http:\/\/www.gyamtsholing-venezia.org\/wordpress\/index.php\/attivita\/danza-del-vajra\/\">Danza del Vajra<\/a>, con\u00a0<a href=\"http:\/\/www.gyamtsholing-venezia.org\/wordpress\/index.php\/attivita\/danza-del-vajra\/paola-pillon\/\">Paola Pillon<\/a>, istruttrice di secondo livello approvata dal Maestro; e sessioni guidate di Danza del Vajra e<\/p>\n<p>&nbsp;<\/p>\n<p>&nbsp;<\/p>\n<p>&nbsp;<\/p>\n<p>&nbsp;<\/p>\n<p><img data-recalc-dims=\"1\" loading=\"lazy\" decoding=\"async\" class=\"wp-image-1773 alignleft\" src=\"https:\/\/i0.wp.com\/www.gyamtsholing-venezia.org\/wordpress\/wp-content\/uploads\/2025\/03\/2.png?resize=157%2C157&#038;ssl=1\" alt=\"\" width=\"157\" height=\"157\" \/><\/p>\n<p>&nbsp;<\/p>\n<p>&nbsp;<\/p>\n<p>delle <a href=\"http:\/\/www.gyamtsholing-venezia.org\/wordpress\/index.php\/attivita\/gioiose-danze-khaita\/\">Gioiose Danze Khaita<\/a> sempre dietro la guida di Paola.<\/p>\n<p>&nbsp;<\/p>\n<p>&nbsp;<\/p>\n<p>Abbiamo anche gruppi di <a href=\"http:\/\/www.gyamtsholing-venezia.org\/wordpress\/index.php\/attivita\/meditazione\/\">meditazione<\/a> condotti da <a href=\"http:\/\/www.gyamtsholing-venezia.org\/wordpress\/index.php\/ana-maria-humeres\/\">Ana Maria Humeres<\/a> e <span style=\"color: #ff0000;\"><strong>Monica Gentile<\/strong><\/span>, istruttrici del livello di Base del\u00a0Santi Maha Sangha approvate dal Maestro.<\/p>\n<p>Alcuni di questi corsi e gruppi di pratica sono rivolti ai soci di Gyamtsholing che hanno gi\u00e0 ricevuto la trasmissione del Maestro; altri sono aperti a chiunque sia interessato a iniziare o continuare un percorso spirituale.<\/p>\n<p>I corsi e incontri settimanali di Yantra Yoga hanno luogo sia presso la sede di <a href=\"http:\/\/www.gyamtsholing-venezia.org\/wordpress\/wp-content\/uploads\/2017\/03\/Gyamtsholing-vaporetto-e-a-piedi.jpg\">Gyamtsholing<\/a> (per praticanti avanzati) sia alla Palestra della <a href=\"https:\/\/wp.me\/a7K3bT-pD\">Istituto Tecnico Sebastiano Venier, Castello 787\/A \u2013 Venezia<\/a> (aperti a tutti). In Friuli, Riccardo Vrech tiene i corsi presso la Ex scuola elementare, Via Nazionale 33, Fiumicello (UD). I corsi organizzati con gli insegnanti principali (Fabio Andrico e Laura Evangelisti) si tengono invece alla palestra della <a href=\"http:\/\/www.gyamtsholing-venezia.org\/wordpress\/wp-content\/uploads\/2016\/07\/mappa-san-girolamo.jpg\">scuola San Girolamo,<\/a> Cannaregio 3021 &#8211; Venezia.<\/p>\n<p>Corsi e pratica settimanale di Danza del Vajra e Khaita con Paola Pillon, cos\u00ec come i corsi con le insegnanti principali (Adriana Dal Borgo e Prima Mai) hanno tutti luogo alla palestra San Girolamo.<\/p>\n<p>Gli incontri di meditazione invece si tengono presso la sede di Gyamtsholing.<\/p>\n<p style=\"text-align: center;\"><img data-recalc-dims=\"1\" loading=\"lazy\" decoding=\"async\" class=\"alignnone wp-image-63\" src=\"https:\/\/i0.wp.com\/www.gyamtsholing-venezia.org\/wordpress\/wp-content\/uploads\/2016\/06\/samantabhadra-300x256.jpg?resize=151%2C129\" alt=\"samantabhadra\" width=\"151\" height=\"129\" srcset=\"https:\/\/i0.wp.com\/www.gyamtsholing-venezia.org\/wordpress\/wp-content\/uploads\/2016\/06\/samantabhadra.jpg?resize=300%2C256&amp;ssl=1 300w, https:\/\/i0.wp.com\/www.gyamtsholing-venezia.org\/wordpress\/wp-content\/uploads\/2016\/06\/samantabhadra.jpg?w=352&amp;ssl=1 352w\" sizes=\"auto, (max-width: 151px) 100vw, 151px\" \/><\/p>\n<p>Ci sono alcuni argomenti spirituali che presentano un indubbio interesse universale in quanto riguardano aspetti rilevanti della vita di ogni persona; su questi temi organizziamo corsi e seminari rivolti a tutte le persone interessate. Per queste attivit\u00e0 coinvolgiamo gli insegnanti pi\u00f9 qualificati, e volta per volta scegliamo le sedi cittadine pi\u00f9 adatte.<\/p>\n<p>&nbsp;<\/p>\n<p>&nbsp;<\/p>\n<form action=\"https:\/\/www.paypal.com\/donate\" method=\"post\" target=\"_top\"><input name=\"hosted_button_id\" type=\"hidden\" value=\"VU29P4JJEDGVY\" \/><\/p>\n<p><img data-recalc-dims=\"1\" loading=\"lazy\" decoding=\"async\" src=\"https:\/\/i0.wp.com\/www.paypal.com\/it_IT\/i\/scr\/pixel.gif?resize=1%2C1&#038;ssl=1\" alt=\"\" width=\"1\" height=\"1\" border=\"0\" \/><\/p>\n<\/form>\n","protected":false},"excerpt":{"rendered":"<p>Gyamtsholing organizza dei corsi e degli incontri che consentono ai soci praticanti di applicare i metodi ricevuti dal Maestro, e offrono una prima esperienza a chi si accosta per la prima volta al nostro sentiero spirituale. &nbsp; &nbsp; In particolare organizziamo corsi di Yantra Yoga, lo Yoga Tibetano del Movimento, con l\u2019istruttore di secondo livello Marco Baseggio,\u00a0 e gli istruttori di primo livello Chiara Carraro &hellip; <a href=\"https:\/\/www.gyamtsholing-venezia.org\/wordpress\/index.php\/alcune-immagini-di-chogyal-namkhai-norbu-2\/\" class=\"more-link\">Continua a leggere <span class=\"screen-reader-text\">Attivit\u00e0<\/span><\/a><\/p>\n","protected":false},"author":1,"featured_media":0,"parent":0,"menu_order":0,"comment_status":"closed","ping_status":"closed","template":"","meta":{"footnotes":""},"tags":[13,14,16,18,17,20,19,15],"class_list":["post-9","page","type-page","status-publish","hentry","tag-attivita","tag-corsi","tag-danza-del-vajra","tag-khaita","tag-meditazione","tag-palestre","tag-sede-di-gyamtsholing","tag-yantra-yoga"],"jetpack_sharing_enabled":true,"jetpack_shortlink":"https:\/\/wp.me\/P7K3bT-9","_links":{"self":[{"href":"https:\/\/www.gyamtsholing-venezia.org\/wordpress\/index.php\/wp-json\/wp\/v2\/pages\/9","targetHints":{"allow":["GET"]}}],"collection":[{"href":"https:\/\/www.gyamtsholing-venezia.org\/wordpress\/index.php\/wp-json\/wp\/v2\/pages"}],"about":[{"href":"https:\/\/www.gyamtsholing-venezia.org\/wordpress\/index.php\/wp-json\/wp\/v2\/types\/page"}],"author":[{"embeddable":true,"href":"https:\/\/www.gyamtsholing-venezia.org\/wordpress\/index.php\/wp-json\/wp\/v2\/users\/1"}],"replies":[{"embeddable":true,"href":"https:\/\/www.gyamtsholing-venezia.org\/wordpress\/index.php\/wp-json\/wp\/v2\/comments?post=9"}],"version-history":[{"count":65,"href":"https:\/\/www.gyamtsholing-venezia.org\/wordpress\/index.php\/wp-json\/wp\/v2\/pages\/9\/revisions"}],"predecessor-version":[{"id":1805,"href":"https:\/\/www.gyamtsholing-venezia.org\/wordpress\/index.php\/wp-json\/wp\/v2\/pages\/9\/revisions\/1805"}],"wp:attachment":[{"href":"https:\/\/www.gyamtsholing-venezia.org\/wordpress\/index.php\/wp-json\/wp\/v2\/media?parent=9"}],"wp:term":[{"taxonomy":"post_tag","embeddable":true,"href":"https:\/\/www.gyamtsholing-venezia.org\/wordpress\/index.php\/wp-json\/wp\/v2\/tags?post=9"}],"curies":[{"name":"wp","href":"https:\/\/api.w.org\/{rel}","templated":true}]}}