{"id":91,"date":"2016-07-01T08:49:31","date_gmt":"2016-07-01T06:49:31","guid":{"rendered":"https:\/\/gyamtsholing.wordpress.com\/?page_id=91"},"modified":"2025-03-18T19:56:45","modified_gmt":"2025-03-18T18:56:45","slug":"alcune-immagini-di-chogyal-namkhai-norbu-4","status":"publish","type":"page","link":"https:\/\/www.gyamtsholing-venezia.org\/wordpress\/index.php\/alcune-immagini-di-chogyal-namkhai-norbu-2\/alcune-immagini-di-chogyal-namkhai-norbu-4\/","title":{"rendered":"Danza del Vajra"},"content":{"rendered":"<p><img data-recalc-dims=\"1\" loading=\"lazy\" decoding=\"async\" class=\"aligncenter wp-image-120\" src=\"https:\/\/i0.wp.com\/www.gyamtsholing-venezia.org\/wordpress\/wp-content\/uploads\/2016\/07\/danza-del-vajra.jpg?resize=600%2C301\" width=\"600\" height=\"301\" srcset=\"https:\/\/i0.wp.com\/www.gyamtsholing-venezia.org\/wordpress\/wp-content\/uploads\/2016\/07\/danza-del-vajra.jpg?w=800&amp;ssl=1 800w, https:\/\/i0.wp.com\/www.gyamtsholing-venezia.org\/wordpress\/wp-content\/uploads\/2016\/07\/danza-del-vajra.jpg?resize=300%2C151&amp;ssl=1 300w, https:\/\/i0.wp.com\/www.gyamtsholing-venezia.org\/wordpress\/wp-content\/uploads\/2016\/07\/danza-del-vajra.jpg?resize=768%2C386&amp;ssl=1 768w\" sizes=\"auto, (max-width: 600px) 100vw, 600px\" \/><\/p>\n<p>La Danza del Vajra \u00e8 una meditazione in movimento. Fa parte degli Insegnamenti Dzogchen trasmessi da <a href=\"https:\/\/gyamtsholing.wordpress.com\/chogyal-namkhai-norbu\/\">Ch<\/a><a href=\"https:\/\/gyamtsholing.wordpress.com\/chogyal-namkhai-norbu\/\">\u00f6<\/a><a href=\"https:\/\/gyamtsholing.wordpress.com\/chogyal-namkhai-norbu\/\">gyal Namkhai Norbu<\/a>, Maestro Dzogchen mondialmente conosciuto.<\/p>\n<p>La Danza si pratica su un grande mandala di circoli concentrici e triangoli di cinque colori, e i suoi movimenti sono coordinati dal suono delle sillabe sacre dei mantra.<\/p>\n<p>Praticare la Danza del Vajra permette di attivare e coordinare specifici punti di energia nel nostro corpo tramite il movimento e il suono delle sillabe del Canto. Tale processo aiuta a entrare in uno stato di contemplazione nel quale il praticante pu\u00f2 scoprire la sua vera natura. Con il movimento del corpo, il canto del mantra con la voce e lo stato di contemplazione della mente la Danza del Vajra armonizza i tre principali aspetti della nostra esistenza, che ci consente di trovare uno stato calmo di profondo rilassamento. I movimenti semplici, lenti e fluidi rilassano il corpo, rischiarano la mente e rilassano le tensioni della nostra vita quotidiana.<\/p>\n<p>Il Maestro ha insegnato quattro tipi di danza, da praticare separatamente o combinate nella stessa sessione di pratica; tutte e quattro armonizzano i tre aspetti della nostra esistenza (corpo, voce e mente), ma ciascuna ha le sue caratteristiche specifiche.<\/p>\n<p>La <strong>Danza del Canto del Vajra<\/strong> \u00e8 una complessa danza simbolica che \u00e8 principalmente in relazione agli aspetti energetici della nostra esistenza.<\/p>\n<p>La <strong>Danza del Vajra per il Beneficio gli Esseri<\/strong> \u00e8 una danza simbolica di compassione<\/p>\n<p>La <strong>Danza dei Tre Vajra<\/strong> \u00e8 una danza simbolica di profonda integrazione e purificazione; \u00e8 pi\u00f9 in relazione al livello mentale<\/p>\n<p>La <strong>Danza del Vajra della Dimensione dello Spazio<\/strong> (12 A) \u00e8 una danza simbolica di integrazione totale, al di l\u00e0 dell\u2019inizio e della fine; una danza del riconoscimento della nostra pura natura e le nostre reali potenzialit\u00e0.<\/p>\n<p>Le quattro Danze del Vajra sono inseparabilmente legate alla trasmissione dell\u2019Insegnamento Dzogchen; per poter ricevere i benefici delle danze bisogna aver ricevuto questa trasmissione dal Maestro Ch\u00f6gyal Namkhai Norbu; la Danza del Vajra per il Beneficio degli Esseri tuttavia pu\u00f2 essere praticata da tutti.<\/p>\n<p>Dal 2011 la Danza del Vajra \u00e8 associata al CID (International Dance Council) fondato nel 1973 dall\u2019UNESCO.<\/p>\n<p>Corsi di <a href=\"http:\/\/www.gyamtsholing-venezia.org\/wordpress\/index.php\/attivita\/danza-del-vajra\/\">Danza del Vajra<\/a>, con\u00a0<a href=\"https:\/\/www.gyamtsholing-venezia.org\/wordpress\/index.php\/alcune-immagini-di-chogyal-namkhai-norbu-2\/paola-pillon\/\">Paola Pillon<\/a>, istruttrice di secondo livello approvata dal Maestro<\/p>\n<p><a href=\"http:\/\/vajradance.net\">http:\/\/vajradance.net<\/a><\/p>\n<div id='gallery-1' class='gallery galleryid-91 gallery-columns-3 gallery-size-medium'><figure class='gallery-item'>\n\t\t\t<div class='gallery-icon landscape'>\n\t\t\t\t<img loading=\"lazy\" decoding=\"async\" width=\"300\" height=\"225\" src=\"https:\/\/i0.wp.com\/www.gyamtsholing-venezia.org\/wordpress\/wp-content\/uploads\/2021\/09\/241419972_5063082670377150_8915557532990205309_n.jpg?fit=300%2C225&amp;ssl=1\" class=\"attachment-medium size-medium\" alt=\"\" srcset=\"https:\/\/i0.wp.com\/www.gyamtsholing-venezia.org\/wordpress\/wp-content\/uploads\/2021\/09\/241419972_5063082670377150_8915557532990205309_n.jpg?w=982&amp;ssl=1 982w, https:\/\/i0.wp.com\/www.gyamtsholing-venezia.org\/wordpress\/wp-content\/uploads\/2021\/09\/241419972_5063082670377150_8915557532990205309_n.jpg?resize=300%2C225&amp;ssl=1 300w, https:\/\/i0.wp.com\/www.gyamtsholing-venezia.org\/wordpress\/wp-content\/uploads\/2021\/09\/241419972_5063082670377150_8915557532990205309_n.jpg?resize=768%2C576&amp;ssl=1 768w, https:\/\/i0.wp.com\/www.gyamtsholing-venezia.org\/wordpress\/wp-content\/uploads\/2021\/09\/241419972_5063082670377150_8915557532990205309_n.jpg?resize=120%2C90&amp;ssl=1 120w\" sizes=\"auto, (max-width: 300px) 100vw, 300px\" \/>\n\t\t\t<\/div><\/figure><figure class='gallery-item'>\n\t\t\t<div class='gallery-icon landscape'>\n\t\t\t\t<img loading=\"lazy\" decoding=\"async\" width=\"300\" height=\"207\" src=\"https:\/\/i0.wp.com\/www.gyamtsholing-venezia.org\/wordpress\/wp-content\/uploads\/2021\/09\/241207615_5063083187043765_3066974704587132495_n.jpg?fit=300%2C207&amp;ssl=1\" class=\"attachment-medium size-medium\" alt=\"\" srcset=\"https:\/\/i0.wp.com\/www.gyamtsholing-venezia.org\/wordpress\/wp-content\/uploads\/2021\/09\/241207615_5063083187043765_3066974704587132495_n.jpg?w=2016&amp;ssl=1 2016w, https:\/\/i0.wp.com\/www.gyamtsholing-venezia.org\/wordpress\/wp-content\/uploads\/2021\/09\/241207615_5063083187043765_3066974704587132495_n.jpg?resize=300%2C207&amp;ssl=1 300w, https:\/\/i0.wp.com\/www.gyamtsholing-venezia.org\/wordpress\/wp-content\/uploads\/2021\/09\/241207615_5063083187043765_3066974704587132495_n.jpg?resize=1024%2C706&amp;ssl=1 1024w, https:\/\/i0.wp.com\/www.gyamtsholing-venezia.org\/wordpress\/wp-content\/uploads\/2021\/09\/241207615_5063083187043765_3066974704587132495_n.jpg?resize=768%2C529&amp;ssl=1 768w, https:\/\/i0.wp.com\/www.gyamtsholing-venezia.org\/wordpress\/wp-content\/uploads\/2021\/09\/241207615_5063083187043765_3066974704587132495_n.jpg?resize=1536%2C1058&amp;ssl=1 1536w, https:\/\/i0.wp.com\/www.gyamtsholing-venezia.org\/wordpress\/wp-content\/uploads\/2021\/09\/241207615_5063083187043765_3066974704587132495_n.jpg?resize=131%2C90&amp;ssl=1 131w, https:\/\/i0.wp.com\/www.gyamtsholing-venezia.org\/wordpress\/wp-content\/uploads\/D%3A%5Cinetpub%5Cwebs%5Cgyamtsholing-veneziaorg%5Cwordpress\/wp-content\/uploads\/2021\/09\/241207615_5063083187043765_3066974704587132495_n.jpg?w=1440&amp;ssl=1 1440w\" sizes=\"auto, (max-width: 300px) 100vw, 300px\" \/>\n\t\t\t<\/div><\/figure><figure class='gallery-item'>\n\t\t\t<div class='gallery-icon landscape'>\n\t\t\t\t<img loading=\"lazy\" decoding=\"async\" width=\"300\" height=\"216\" src=\"https:\/\/i0.wp.com\/www.gyamtsholing-venezia.org\/wordpress\/wp-content\/uploads\/2021\/09\/241459371_5063083260377091_7779731035372616811_n.jpg?fit=300%2C216&amp;ssl=1\" class=\"attachment-medium size-medium\" alt=\"\" srcset=\"https:\/\/i0.wp.com\/www.gyamtsholing-venezia.org\/wordpress\/wp-content\/uploads\/2021\/09\/241459371_5063083260377091_7779731035372616811_n.jpg?w=2016&amp;ssl=1 2016w, https:\/\/i0.wp.com\/www.gyamtsholing-venezia.org\/wordpress\/wp-content\/uploads\/2021\/09\/241459371_5063083260377091_7779731035372616811_n.jpg?resize=300%2C216&amp;ssl=1 300w, https:\/\/i0.wp.com\/www.gyamtsholing-venezia.org\/wordpress\/wp-content\/uploads\/2021\/09\/241459371_5063083260377091_7779731035372616811_n.jpg?resize=1024%2C739&amp;ssl=1 1024w, https:\/\/i0.wp.com\/www.gyamtsholing-venezia.org\/wordpress\/wp-content\/uploads\/2021\/09\/241459371_5063083260377091_7779731035372616811_n.jpg?resize=768%2C554&amp;ssl=1 768w, https:\/\/i0.wp.com\/www.gyamtsholing-venezia.org\/wordpress\/wp-content\/uploads\/2021\/09\/241459371_5063083260377091_7779731035372616811_n.jpg?resize=1536%2C1108&amp;ssl=1 1536w, https:\/\/i0.wp.com\/www.gyamtsholing-venezia.org\/wordpress\/wp-content\/uploads\/2021\/09\/241459371_5063083260377091_7779731035372616811_n.jpg?resize=125%2C90&amp;ssl=1 125w, https:\/\/i0.wp.com\/www.gyamtsholing-venezia.org\/wordpress\/wp-content\/uploads\/D%3A%5Cinetpub%5Cwebs%5Cgyamtsholing-veneziaorg%5Cwordpress\/wp-content\/uploads\/2021\/09\/241459371_5063083260377091_7779731035372616811_n.jpg?w=1440&amp;ssl=1 1440w\" sizes=\"auto, (max-width: 300px) 100vw, 300px\" \/>\n\t\t\t<\/div><\/figure><figure class='gallery-item'>\n\t\t\t<div class='gallery-icon landscape'>\n\t\t\t\t<img loading=\"lazy\" decoding=\"async\" width=\"300\" height=\"207\" src=\"https:\/\/i0.wp.com\/www.gyamtsholing-venezia.org\/wordpress\/wp-content\/uploads\/2021\/09\/241495600_5063082677043816_2630137661257887147_n.jpg?fit=300%2C207&amp;ssl=1\" class=\"attachment-medium size-medium\" alt=\"\" srcset=\"https:\/\/i0.wp.com\/www.gyamtsholing-venezia.org\/wordpress\/wp-content\/uploads\/2021\/09\/241495600_5063082677043816_2630137661257887147_n.jpg?w=1024&amp;ssl=1 1024w, https:\/\/i0.wp.com\/www.gyamtsholing-venezia.org\/wordpress\/wp-content\/uploads\/2021\/09\/241495600_5063082677043816_2630137661257887147_n.jpg?resize=300%2C207&amp;ssl=1 300w, https:\/\/i0.wp.com\/www.gyamtsholing-venezia.org\/wordpress\/wp-content\/uploads\/2021\/09\/241495600_5063082677043816_2630137661257887147_n.jpg?resize=768%2C529&amp;ssl=1 768w, https:\/\/i0.wp.com\/www.gyamtsholing-venezia.org\/wordpress\/wp-content\/uploads\/2021\/09\/241495600_5063082677043816_2630137661257887147_n.jpg?resize=131%2C90&amp;ssl=1 131w\" sizes=\"auto, (max-width: 300px) 100vw, 300px\" \/>\n\t\t\t<\/div><\/figure><figure class='gallery-item'>\n\t\t\t<div class='gallery-icon portrait'>\n\t\t\t\t<img loading=\"lazy\" decoding=\"async\" width=\"225\" height=\"300\" src=\"https:\/\/i0.wp.com\/www.gyamtsholing-venezia.org\/wordpress\/wp-content\/uploads\/2020\/01\/Copy-of-Photo-from-Adriana1.jpg?fit=225%2C300&amp;ssl=1\" class=\"attachment-medium size-medium\" alt=\"\" srcset=\"https:\/\/i0.wp.com\/www.gyamtsholing-venezia.org\/wordpress\/wp-content\/uploads\/2020\/01\/Copy-of-Photo-from-Adriana1.jpg?w=1200&amp;ssl=1 1200w, https:\/\/i0.wp.com\/www.gyamtsholing-venezia.org\/wordpress\/wp-content\/uploads\/2020\/01\/Copy-of-Photo-from-Adriana1.jpg?resize=225%2C300&amp;ssl=1 225w, https:\/\/i0.wp.com\/www.gyamtsholing-venezia.org\/wordpress\/wp-content\/uploads\/2020\/01\/Copy-of-Photo-from-Adriana1.jpg?resize=768%2C1024&amp;ssl=1 768w, https:\/\/i0.wp.com\/www.gyamtsholing-venezia.org\/wordpress\/wp-content\/uploads\/2020\/01\/Copy-of-Photo-from-Adriana1.jpg?resize=1152%2C1536&amp;ssl=1 1152w, https:\/\/i0.wp.com\/www.gyamtsholing-venezia.org\/wordpress\/wp-content\/uploads\/2020\/01\/Copy-of-Photo-from-Adriana1.jpg?resize=68%2C90&amp;ssl=1 68w\" sizes=\"auto, (max-width: 225px) 100vw, 225px\" \/>\n\t\t\t<\/div><\/figure><figure class='gallery-item'>\n\t\t\t<div class='gallery-icon landscape'>\n\t\t\t\t<img loading=\"lazy\" decoding=\"async\" width=\"300\" height=\"225\" src=\"https:\/\/i0.wp.com\/www.gyamtsholing-venezia.org\/wordpress\/wp-content\/uploads\/2020\/06\/Copy-of-Photo-from-Adriana3.jpg?fit=300%2C225&amp;ssl=1\" class=\"attachment-medium size-medium\" alt=\"\" srcset=\"https:\/\/i0.wp.com\/www.gyamtsholing-venezia.org\/wordpress\/wp-content\/uploads\/2020\/06\/Copy-of-Photo-from-Adriana3.jpg?w=1600&amp;ssl=1 1600w, https:\/\/i0.wp.com\/www.gyamtsholing-venezia.org\/wordpress\/wp-content\/uploads\/2020\/06\/Copy-of-Photo-from-Adriana3.jpg?resize=300%2C225&amp;ssl=1 300w, https:\/\/i0.wp.com\/www.gyamtsholing-venezia.org\/wordpress\/wp-content\/uploads\/2020\/06\/Copy-of-Photo-from-Adriana3.jpg?resize=1024%2C768&amp;ssl=1 1024w, https:\/\/i0.wp.com\/www.gyamtsholing-venezia.org\/wordpress\/wp-content\/uploads\/2020\/06\/Copy-of-Photo-from-Adriana3.jpg?resize=768%2C576&amp;ssl=1 768w, https:\/\/i0.wp.com\/www.gyamtsholing-venezia.org\/wordpress\/wp-content\/uploads\/2020\/06\/Copy-of-Photo-from-Adriana3.jpg?resize=1536%2C1152&amp;ssl=1 1536w, https:\/\/i0.wp.com\/www.gyamtsholing-venezia.org\/wordpress\/wp-content\/uploads\/2020\/06\/Copy-of-Photo-from-Adriana3.jpg?resize=120%2C90&amp;ssl=1 120w, https:\/\/i0.wp.com\/www.gyamtsholing-venezia.org\/wordpress\/wp-content\/uploads\/D%3A%5Cinetpub%5Cwebs%5Cgyamtsholing-veneziaorg%5Cwordpress\/wp-content\/uploads\/2020\/06\/Copy-of-Photo-from-Adriana3.jpg?w=1440&amp;ssl=1 1440w\" sizes=\"auto, (max-width: 300px) 100vw, 300px\" \/>\n\t\t\t<\/div><\/figure><figure class='gallery-item'>\n\t\t\t<div class='gallery-icon landscape'>\n\t\t\t\t<img loading=\"lazy\" decoding=\"async\" width=\"300\" height=\"225\" src=\"https:\/\/i0.wp.com\/www.gyamtsholing-venezia.org\/wordpress\/wp-content\/uploads\/2019\/05\/IMG-20190609-WA0030.jpg?fit=300%2C225&amp;ssl=1\" class=\"attachment-medium size-medium\" alt=\"\" srcset=\"https:\/\/i0.wp.com\/www.gyamtsholing-venezia.org\/wordpress\/wp-content\/uploads\/2019\/05\/IMG-20190609-WA0030.jpg?w=1600&amp;ssl=1 1600w, https:\/\/i0.wp.com\/www.gyamtsholing-venezia.org\/wordpress\/wp-content\/uploads\/2019\/05\/IMG-20190609-WA0030.jpg?resize=300%2C225&amp;ssl=1 300w, https:\/\/i0.wp.com\/www.gyamtsholing-venezia.org\/wordpress\/wp-content\/uploads\/2019\/05\/IMG-20190609-WA0030.jpg?resize=1024%2C768&amp;ssl=1 1024w, https:\/\/i0.wp.com\/www.gyamtsholing-venezia.org\/wordpress\/wp-content\/uploads\/2019\/05\/IMG-20190609-WA0030.jpg?resize=768%2C576&amp;ssl=1 768w, https:\/\/i0.wp.com\/www.gyamtsholing-venezia.org\/wordpress\/wp-content\/uploads\/2019\/05\/IMG-20190609-WA0030.jpg?resize=1536%2C1152&amp;ssl=1 1536w, https:\/\/i0.wp.com\/www.gyamtsholing-venezia.org\/wordpress\/wp-content\/uploads\/2019\/05\/IMG-20190609-WA0030.jpg?resize=120%2C90&amp;ssl=1 120w, https:\/\/i0.wp.com\/www.gyamtsholing-venezia.org\/wordpress\/wp-content\/uploads\/D%3A%5Cinetpub%5Cwebs%5Cgyamtsholing-veneziaorg%5Cwordpress\/wp-content\/uploads\/2019\/05\/IMG-20190609-WA0030.jpg?w=1440&amp;ssl=1 1440w\" sizes=\"auto, (max-width: 300px) 100vw, 300px\" \/>\n\t\t\t<\/div><\/figure>\n\t\t<\/div>\n\n<p style=\"text-align: center;\">\n","protected":false},"excerpt":{"rendered":"<p>La Danza del Vajra \u00e8 una meditazione in movimento. Fa parte degli Insegnamenti Dzogchen trasmessi da Ch\u00f6gyal Namkhai Norbu, Maestro Dzogchen mondialmente conosciuto. La Danza si pratica su un grande mandala di circoli concentrici e triangoli di cinque colori, e i suoi movimenti sono coordinati dal suono delle sillabe sacre dei mantra. Praticare la Danza del Vajra permette di attivare e coordinare specifici punti di &hellip; <a href=\"https:\/\/www.gyamtsholing-venezia.org\/wordpress\/index.php\/alcune-immagini-di-chogyal-namkhai-norbu-2\/alcune-immagini-di-chogyal-namkhai-norbu-4\/\" class=\"more-link\">Continua a leggere <span class=\"screen-reader-text\">Danza del Vajra<\/span><\/a><\/p>\n","protected":false},"author":2,"featured_media":0,"parent":9,"menu_order":0,"comment_status":"closed","ping_status":"closed","template":"","meta":{"footnotes":""},"tags":[21,23,16,25,88,22],"class_list":["post-91","page","type-page","status-publish","hentry","tag-chogyal-namkhai-norbu","tag-danza-del-canto-del-vajra","tag-danza-del-vajra","tag-danza-del-vajra-della-dimensione-dello-spazio","tag-danza-del-vajra-per-il-beneficio-degli-esseri","tag-mandala"],"jetpack_sharing_enabled":true,"jetpack_shortlink":"https:\/\/wp.me\/P7K3bT-1t","_links":{"self":[{"href":"https:\/\/www.gyamtsholing-venezia.org\/wordpress\/index.php\/wp-json\/wp\/v2\/pages\/91","targetHints":{"allow":["GET"]}}],"collection":[{"href":"https:\/\/www.gyamtsholing-venezia.org\/wordpress\/index.php\/wp-json\/wp\/v2\/pages"}],"about":[{"href":"https:\/\/www.gyamtsholing-venezia.org\/wordpress\/index.php\/wp-json\/wp\/v2\/types\/page"}],"author":[{"embeddable":true,"href":"https:\/\/www.gyamtsholing-venezia.org\/wordpress\/index.php\/wp-json\/wp\/v2\/users\/2"}],"replies":[{"embeddable":true,"href":"https:\/\/www.gyamtsholing-venezia.org\/wordpress\/index.php\/wp-json\/wp\/v2\/comments?post=91"}],"version-history":[{"count":6,"href":"https:\/\/www.gyamtsholing-venezia.org\/wordpress\/index.php\/wp-json\/wp\/v2\/pages\/91\/revisions"}],"predecessor-version":[{"id":1798,"href":"https:\/\/www.gyamtsholing-venezia.org\/wordpress\/index.php\/wp-json\/wp\/v2\/pages\/91\/revisions\/1798"}],"up":[{"embeddable":true,"href":"https:\/\/www.gyamtsholing-venezia.org\/wordpress\/index.php\/wp-json\/wp\/v2\/pages\/9"}],"wp:attachment":[{"href":"https:\/\/www.gyamtsholing-venezia.org\/wordpress\/index.php\/wp-json\/wp\/v2\/media?parent=91"}],"wp:term":[{"taxonomy":"post_tag","embeddable":true,"href":"https:\/\/www.gyamtsholing-venezia.org\/wordpress\/index.php\/wp-json\/wp\/v2\/tags?post=91"}],"curies":[{"name":"wp","href":"https:\/\/api.w.org\/{rel}","templated":true}]}}